{"id":23,"date":"2014-10-13T12:38:55","date_gmt":"2014-10-13T10:38:55","guid":{"rendered":"http:\/\/www.maerchen-und-menschen.de\/ghtz_kl\/?page_id=23"},"modified":"2023-01-13T14:46:41","modified_gmt":"2023-01-13T12:46:41","slug":"themen","status":"publish","type":"page","link":"https:\/\/www.maerchen-und-menschen.de\/?page_id=23","title":{"rendered":"Themen und Anl\u00e4sse"},"content":{"rendered":"<p><strong>Geschichten und M\u00e4rchen erz\u00e4hlen &#8211; das passt zu vielen Gelegenheiten:<\/strong><\/p>\n<p>Eine Erz\u00e4hlstunde\u00a0 f\u00fcr kleine und gro\u00dfe, junge und alte Menschen.<br \/>Eine M\u00e4rchenwanderung\u00a0 an verwunschene Orte.<br \/>Wir verbinden Geschichten und Musik zu einem unvergesslichen Ereignis.<br \/>Oder M\u00e4rchen und Malerei. <br \/>Oder Geschichten und eine gemeinsame Mahlzeit. Oder mehr \u2026.<\/p>\n<p>Lasst Euch inspirieren\u00a0 \u2013 gemeinsam finden wir das\u00a0geeignete Format f\u00fcr Eure m\u00e4rchenhafte Veranstaltung.<\/p>\n<p>Ihr sucht eine kleine Auszeit im Alltag: <br \/>Dann taucht mit dem Podcast &#8222;Gaggenauer Geschichten Garten&#8220; in die Welt der Geschichten ein.<\/p>\n<p><strong>Ich erz\u00e4hle f\u00fcr Euch:<\/strong><\/p>\n<ul>\n<li>Kinder- und Hausm\u00e4rchen bekannter M\u00e4rchensammler:\u00a0 Gebr\u00fcder Grimm, Bechstein<\/li>\n<li>M\u00e4rchen und Geschichten aus fremden L\u00e4ndern und Kulturen<\/li>\n<li>Kleine Geschichten zum Nachdenken und Tr\u00e4umen<\/li>\n<\/ul>\n<p>Die wunderbare bildhafte Sprache der \u00fcberlieferten Geschichten l\u00e4sst uns eintauchen in eine verwunschene, mystische Welt.<br \/>M\u00e4rchen aus anderen europ\u00e4ischen Regionen oder anderen Kulturkreisen gew\u00e4hren uns Einblicke in fremdes Denken und Handeln.<br \/>Gerne lese ich Euch auch aus Euren Lieblingsb\u00fcchern vor.<\/p>\n<p>\u00a0<\/p>\n<p><a href=\"http:\/\/www.maerchen-und-menschen.de\/ghtz_kl\/wp-content\/uploads\/2014\/10\/fisch.png\"><img loading=\"lazy\" decoding=\"async\" class=\"aligncenter wp-image-42 size-full\" src=\"http:\/\/www.maerchen-und-menschen.de\/ghtz_kl\/wp-content\/uploads\/2014\/10\/fisch.png\" alt=\"fisch\" width=\"143\" height=\"52\" \/><\/a><\/p>\n\n\n<p><\/p>\n","protected":false},"excerpt":{"rendered":"<p>Geschichten und M\u00e4rchen erz\u00e4hlen &#8211; das passt zu vielen Gelegenheiten: Eine Erz\u00e4hlstunde\u00a0 f\u00fcr kleine und gro\u00dfe, junge und alte Menschen.Eine M\u00e4rchenwanderung\u00a0 an verwunschene Orte.Wir verbinden Geschichten und Musik zu einem unvergesslichen Ereignis.Oder M\u00e4rchen und Malerei. Oder Geschichten und eine gemeinsame<\/p>\n","protected":false},"author":1,"featured_media":0,"parent":0,"menu_order":0,"comment_status":"closed","ping_status":"closed","template":"","meta":{"footnotes":""},"class_list":["post-23","page","type-page","status-publish","hentry"],"_links":{"self":[{"href":"https:\/\/www.maerchen-und-menschen.de\/index.php?rest_route=\/wp\/v2\/pages\/23","targetHints":{"allow":["GET"]}}],"collection":[{"href":"https:\/\/www.maerchen-und-menschen.de\/index.php?rest_route=\/wp\/v2\/pages"}],"about":[{"href":"https:\/\/www.maerchen-und-menschen.de\/index.php?rest_route=\/wp\/v2\/types\/page"}],"author":[{"embeddable":true,"href":"https:\/\/www.maerchen-und-menschen.de\/index.php?rest_route=\/wp\/v2\/users\/1"}],"replies":[{"embeddable":true,"href":"https:\/\/www.maerchen-und-menschen.de\/index.php?rest_route=%2Fwp%2Fv2%2Fcomments&post=23"}],"version-history":[{"count":8,"href":"https:\/\/www.maerchen-und-menschen.de\/index.php?rest_route=\/wp\/v2\/pages\/23\/revisions"}],"predecessor-version":[{"id":1004,"href":"https:\/\/www.maerchen-und-menschen.de\/index.php?rest_route=\/wp\/v2\/pages\/23\/revisions\/1004"}],"wp:attachment":[{"href":"https:\/\/www.maerchen-und-menschen.de\/index.php?rest_route=%2Fwp%2Fv2%2Fmedia&parent=23"}],"curies":[{"name":"wp","href":"https:\/\/api.w.org\/{rel}","templated":true}]}}