{"id":25,"date":"2014-10-13T12:40:01","date_gmt":"2014-10-13T10:40:01","guid":{"rendered":"http:\/\/www.maerchen-und-menschen.de\/ghtz_kl\/?page_id=25"},"modified":"2023-01-13T14:41:11","modified_gmt":"2023-01-13T12:41:11","slug":"ueber-mich","status":"publish","type":"page","link":"https:\/\/www.maerchen-und-menschen.de\/?page_id=25","title":{"rendered":"\u00fcber mich"},"content":{"rendered":"<p><a href=\"http:\/\/www.maerchen-und-menschen.de\/ghtz_kl\/wp-content\/uploads\/2015\/01\/IMGP6173_1.jpg\"><img loading=\"lazy\" decoding=\"async\" class=\"alignright wp-image-149 size-full\" src=\"http:\/\/www.maerchen-und-menschen.de\/ghtz_kl\/wp-content\/uploads\/2015\/01\/IMGP6173_1-e1421588630683.jpg\" alt=\"IMGP6173_1\" width=\"400\" height=\"602\" \/><\/a>Ich bin Geschichten- und M\u00e4rchenerz\u00e4hlerin, Lehrerin und war mehr als drei Jahrzehnte in der Erwachsenenbildung t\u00e4tig.<\/p>\n<p>Veranstaltungen f\u00fcr andere Menschen zu organisieren und zu gestalten, macht mir Freude. Dies mit anderen Menschen zusammen zu tun, ist eine spannende und kreative Aufgabe.<\/p>\n<p>Erz\u00e4hlevents bieten dazu viele konstruktive M\u00f6glichkeiten.<\/p>\n<p>Die Erz\u00e4hlungen und M\u00e4rchen aus aller Welt und den unterschiedlichen Kulturkreisen habe ich f\u00fcr mich neu entdeckt und m\u00f6chte die Faszination dieser alten und doch so aktuellen Geschichten gerne weitergeben an alle, die Lust haben zuzuh\u00f6ren.<\/p>\n<p>\u201eLiebe Dein M\u00e4rchen, erz\u00e4hle es mit der Freude, als habest Du es eben erst entdeckt. Gib ihm Erstaunen und Verwunderung mit, das meint auch Achtung und Ehrfurcht. Es bleibt jedes Erz\u00e4hlen, damit es gelingt, ein Abenteuer.\u201c<\/p>\n<p>(Rudolf Geiger, M\u00e4rchenerz\u00e4hler und M\u00e4rchenforscher, 1908 &#8211; 1999)<\/p>\n","protected":false},"excerpt":{"rendered":"<p>Ich bin Geschichten- und M\u00e4rchenerz\u00e4hlerin, Lehrerin und war mehr als drei Jahrzehnte in der Erwachsenenbildung t\u00e4tig. Veranstaltungen f\u00fcr andere Menschen zu organisieren und zu gestalten, macht mir Freude. Dies mit anderen Menschen zusammen zu tun, ist eine spannende und kreative<\/p>\n","protected":false},"author":1,"featured_media":0,"parent":0,"menu_order":0,"comment_status":"closed","ping_status":"closed","template":"","meta":{"footnotes":""},"class_list":["post-25","page","type-page","status-publish","hentry"],"_links":{"self":[{"href":"https:\/\/www.maerchen-und-menschen.de\/index.php?rest_route=\/wp\/v2\/pages\/25","targetHints":{"allow":["GET"]}}],"collection":[{"href":"https:\/\/www.maerchen-und-menschen.de\/index.php?rest_route=\/wp\/v2\/pages"}],"about":[{"href":"https:\/\/www.maerchen-und-menschen.de\/index.php?rest_route=\/wp\/v2\/types\/page"}],"author":[{"embeddable":true,"href":"https:\/\/www.maerchen-und-menschen.de\/index.php?rest_route=\/wp\/v2\/users\/1"}],"replies":[{"embeddable":true,"href":"https:\/\/www.maerchen-und-menschen.de\/index.php?rest_route=%2Fwp%2Fv2%2Fcomments&post=25"}],"version-history":[{"count":19,"href":"https:\/\/www.maerchen-und-menschen.de\/index.php?rest_route=\/wp\/v2\/pages\/25\/revisions"}],"predecessor-version":[{"id":1002,"href":"https:\/\/www.maerchen-und-menschen.de\/index.php?rest_route=\/wp\/v2\/pages\/25\/revisions\/1002"}],"wp:attachment":[{"href":"https:\/\/www.maerchen-und-menschen.de\/index.php?rest_route=%2Fwp%2Fv2%2Fmedia&parent=25"}],"curies":[{"name":"wp","href":"https:\/\/api.w.org\/{rel}","templated":true}]}}