{"id":393,"date":"2018-06-13T23:48:13","date_gmt":"2018-06-13T21:48:13","guid":{"rendered":"http:\/\/www.maerchen-und-menschen.de\/?page_id=393"},"modified":"2018-06-13T23:58:04","modified_gmt":"2018-06-13T21:58:04","slug":"datenschutz","status":"publish","type":"page","link":"https:\/\/www.maerchen-und-menschen.de\/?page_id=393","title":{"rendered":"Datenschutz"},"content":{"rendered":"<p><strong>Datenschutzerkl\u00e4rung<\/strong><\/p>\n<p>Mit dieser Datenschutzerkl\u00e4rung m\u00f6chten wir Sie \u00fcber Art, Umfang und Zweck der Verarbeitung von personenbezogenen Daten auf unserer Webseite aufkl\u00e4ren. Personenbezogene Daten sind alle Daten, die einen pers\u00f6nlichen Bezug zu Ihnen aufweisen, z. B. Name, Adresse, E-Mail-Adresse oder Nutzerverhalten.<\/p>\n<p><strong>Verantwortliche \u00a0f\u00fcr die Datenverarbeitung<\/strong><\/p>\n<p><strong>Dagmar Konermann<\/strong><\/p>\n<p>Viktoriastr. 33<\/p>\n<p>76571 Gaggenau<\/p>\n<p>Telefon: +49 162 7746457 oder +49 7225 915980<\/p>\n<p>E-Mail:<a href=\"mailto:Mara@maerchen-und-menschen.de\"> Mara@maerchen-und-menschen.de<\/a><\/p>\n<p><strong>Webhosting<\/strong><\/p>\n<p>Ich bediene mich zum Vorhalten meiner Onlinepr\u00e4senz eines Internet-Service-Providers, auf dessen Server die Webseite gespeichert wird (Hosting) und der meine Seite im Internet verf\u00fcgbar macht. Hierbei verarbeitet der Internet-Service-Provider in meinem Auftrag Kontaktdaten, Inhaltsdaten, Vertragsdaten, Nutzungsdaten, Bestandsdaten sowie Meta- und Kommunikationsdaten. Rechtsgrundlage: Rechtsgrundlage f\u00fcr die vorbeschriebene Verarbeitung ist unser berechtigtes Interesse an einer effizienten und sicheren Zurverf\u00fcgungstellung unseres Onlineangebotes, Art. 6 Abs. 1 lit. f DSGVO i. V. m. Art. 28 DSGVO (Auftragsverarbeitungsvertrag).<\/p>\n<p>Sofern Sie meine Webseite lediglich informatorisch nutzen, werden von meinem Internet-Service-Provider nur diejenigen personenbezogenen Daten erhoben, die der von Ihnen verwendete Browser an dessen Server \u00fcbermittelt. Das sind folgende Daten:<\/p>\n<ul>\n<li>IP-Adresse<\/li>\n<li>das Datum und die Uhrzeit des Zugriffs auf meine Internetseite<\/li>\n<li>Zeitzonendifferenz zur Greenwich Mean Time (GMT)<\/li>\n<li>Zugriffsstatus (HTTP-Status)<\/li>\n<li>die \u00fcbertragene Datenmenge<\/li>\n<li>der Internet-Service-Provider des zugreifenden Systems<\/li>\n<li>der von Ihnen verwendete Browsertyp und dessen Version<\/li>\n<li>das von Ihnen verwendete Betriebssystem<\/li>\n<li>die Internetseite, von welcher Sie gegebenenfalls auf meine Internetseite gelangt sind<\/li>\n<li>die Seiten bzw. Unterseiten, welche Sie auf meiner Internetseite besuchen.<\/li>\n<\/ul>\n<p>Die vorgenannten Daten werden als Logfiles auf den Servern meines Internet-Service-Providers gespeichert. Dies ist erforderlich, um die Webseite auf dem von Ihnen genutzten Endger\u00e4t darstellen zu k\u00f6nnen, sowie die Stabilit\u00e4t und Sicherheit zu gew\u00e4hrleisten. In den vorstehenden Zwecken liegt mein berechtigtes Interesse an der Datenverarbeitung. <strong>Rechtsgrundlage:<\/strong> Rechtsgrundlage hierf\u00fcr ist Art. 6 Abs. 1 S. 1 lit. f DSGVO. <strong>Dauer:<\/strong> Die vorstehenden Daten zur Bereitstellung unserer Webseite werden f\u00fcr die Dauer von 7 Tagen gespeichert und dann gel\u00f6scht. <strong>Verhinderung:<\/strong> Da die Verarbeitung der vorstehenden Daten f\u00fcr die Bereitstellung unseres Internetauftritts zwingend erforderlich ist, besteht kein Widerspruchsrecht.<\/p>\n<p><strong>Cookies<\/strong><\/p>\n<p>Meine Internetseite nutzt keine Cookies.<\/p>\n<p><strong>Speicherdauer\/L\u00f6schung<\/strong><\/p>\n<p>Ich l\u00f6sche oder sperre Ihre personenbezogenen Daten, sobald der Zweck der Speicherung erreicht ist oder entf\u00e4llt. Eine dar\u00fcberhinausgehende Speicherung erfolgt nur, wenn mir dies durch nationale oder europ\u00e4ische Vorschriften aufgegeben wird. Eine Sperrung oder L\u00f6schung der Daten erfolgt in diesem Fall dann, wenn die in den jeweiligen Vorschriften vorgeschriebene Speicherfrist abgelaufen ist, es sei denn ich ben\u00f6tigen Ihre Daten zur Erf\u00fcllung eines zwischen uns geschlossenen Vertrages oder wenn dies zur Geltendmachung, Aus\u00fcbung oder Verteidigung von Rechtsanspr\u00fcchen erforderlich ist.<\/p>\n<p><strong>Online-Shop<\/strong><\/p>\n<p>entf\u00e4llt<\/p>\n<p><strong>Kontaktaufnahme \u00fcber E-Mail, Soziale Medien oder Telefon<\/strong><\/p>\n<p><strong>Umfang:<\/strong> Soweit Sie mich per E-Mail, Telefon, oder sozialer Medien ansprechen und mir hier\u00fcber personenbezogene Daten zur Verf\u00fcgung stellen, werden diese Daten zur Verarbeitung Ihrer Anfrage in unserem Hause automatisch gespeichert und weiterverarbeitet. Diese Daten werden nur zur Korrespondenz mit Ihnen verarbeitet. Die Daten\u00fcbermittlung erfolgt \u00fcber eine verschl\u00fcsselte SSL- Verbindung. Eine Weitergabe Ihrer Daten an Dritte erfolgt nicht. <strong>Zweck:<\/strong> Ihren Namen ben\u00f6tige ich, um Sie in meiner Antwort ansprechen zu k\u00f6nnen. Ihre E-Mail-Adresse ben\u00f6tige ich, um Ihre Anfrage beantworten zu k\u00f6nnen. Ihre Telefonnummer ben\u00f6tige ich, um Ihrer R\u00fcckrufbitte nachkommen zu k\u00f6nnen. <strong>Rechtsgrundlage<\/strong>: Die Rechtsgrundlage f\u00fcr die vorbeschriebene Nutzung der Daten ist Art. 6 Abs.1 lit. a DSGVO <strong>L\u00f6schung: <\/strong>Die von mir \u00a0erhobenen personenbezogenen Daten werden gel\u00f6scht, sofern sie nicht mehr erforderlich sind. Ich \u00fcberpr\u00fcfe die Erforderlichkeit alle 2 Jahre. Au\u00dferdem k\u00f6nnen Sie die Datenverarbeitung jederzeit widerrufen. <strong>Verhinderung: <\/strong>Sie k\u00f6nnen die Speicherung und Verarbeitung Ihrer personenbezogenen Daten verhindern, indem Sie davon absehen das Kontaktformular zu nutzen.<\/p>\n<p><strong>Newsletter-Abonnement<\/strong><\/p>\n<p>Ich biete Ihnen in Kooperation mit dem Trio Saitenblasen einen Newsletter an, in welchem wir Sie \u00fcber aktuelle Geschehnisse und Angebote informieren. M\u00f6chten Sie den Newsletter abonnieren, m\u00fcssen Sie eine valide E-Mail-Adresse angeben. Wenn Sie den Newsletter abonnieren, erkl\u00e4ren Sie sich mit dem Newsletter-Empfang und den erl\u00e4uterten Verfahren einverstanden.<\/p>\n<p>Der Newsletterversand erfolgt durch Saitenblasen, <a href=\"mailto:saiatenblasen@freenet.de\">saiatenblasen@freenet.de<\/a>. Ihre Kontaktdaten werden nur zum Versand unseres Newsletter gespeichert, nicht an Dritte weiter gegeben und nicht zum Versand von Werbung verwendet. Wir f\u00fchren keine statistischen Erhebungen oder Analysen durch.<\/p>\n<p>Informationen \u00fcber Widerruf und K\u00fcndigung: Ihre Einwilligung zum Erhalt des Newsletter k\u00f6nnen Sie jederzeit widerrufen und somit das Newsletter-Abonnement k\u00fcndigen. Nach Ihrer K\u00fcndigung erfolgt die L\u00f6schung Ihre personenbezogenen Daten. Ihre Einwilligung in den Newsletterversand erlischt gleichzeitig. Am Ende jedes Newsletters finden Sie den Link zur K\u00fcndigung.<\/p>\n<p><strong>Ihre Rechte als Nutzer unserer Onlinepr\u00e4senz nach der DSGVO<\/strong><\/p>\n<p>Nach der DSGVO stehen Ihnen die nachfolgend aufgef\u00fchrten Rechte zu, die Sie jederzeit bei dem in Ziffer 1. dieser Datenschutzerkl\u00e4rung genannten Verantwortlichen geltend machen k\u00f6nnen:<\/p>\n<ul>\n<li><strong>Recht auf Auskunft:<\/strong> Sie k\u00f6nnen nach Art. 15 DSGVO eine Best\u00e4tigung dar\u00fcber verlangen, ob und welche personenbezogenen Daten wir von Ihnen verarbeiten. Dar\u00fcber hinaus k\u00f6nnen Sie von uns unentgeltlich Auskunft \u00fcber die Verarbeitungszwecke, die Kategorie der personenbezogenen Daten, die Kategorien von Empf\u00e4ngern, gegen\u00fcber denen Ihre Daten offengelegt wurden oder werden, die geplante Speicherdauer, das Bestehen eines Rechts auf Berichtigung, L\u00f6schung, Einschr\u00e4nkung der Verarbeitung oder Widerspruch, das Bestehen eines Beschwerderechts sowie die Herkunft ihrer Daten, sofern diese nicht bei uns erhoben wurden, verlangen. Ferner steht Ihnen ein Auskunftsrecht dar\u00fcber zu, ob Ihre personenbezogenen Daten an ein Drittland oder an eine internationale Organisation \u00fcbermittelt wurden. Sofern dies der Fall ist, steht Ihnen das Recht zu, Auskunft \u00fcber die geeigneten Garantien im Zusammenhang mit der \u00dcbermittlung zu erhalten.<\/li>\n<li><strong>Recht auf Berichtigung:<\/strong> Gem\u00e4\u00df Art. 16 DSGVO k\u00f6nnen Sie die Berichtigung unrichtiger oder Vervollst\u00e4ndigung unvollst\u00e4ndiger der bei uns gespeicherten und Sie betreffenden personenbezogenen Daten verlangen.<\/li>\n<li><strong>Recht auf L\u00f6schung:<\/strong> Gem\u00e4\u00df Art. 17 DSGVO steht Ihnen das Recht zu, die L\u00f6schung Ihrer bei uns gespeicherten personenbezogenen Daten zu verlangen, soweit wir deren Verarbeitung nicht zu folgenden Zwecken ben\u00f6tigen:\n<ul>\n<li>zur Erf\u00fcllung einer rechtlichen Verpflichtung,<\/li>\n<li>zur Geltendmachung, Aus\u00fcbung oder Verteidigung von Rechtsanspr\u00fcchen,<\/li>\n<li>zur Aus\u00fcbung des Rechts auf freie Meinungs\u00e4u\u00dferung und Information oder<\/li>\n<li>aus Gr\u00fcnden der in Art. 17 Abs. 3 lit c und d DSGVO genannten F\u00e4lle des \u00f6ffentlichen Interesses.<\/li>\n<\/ul>\n<\/li>\n<li><strong>Recht auf Einschr\u00e4nkung:<\/strong> Gem\u00e4\u00df Art. 18 DSGVO haben Sie das Recht, die Einschr\u00e4nkung der Verarbeitung Ihrer personenbezogenen Daten zu verlangen, wenn\n<ul>\n<li>die Richtigkeit der Daten von Ihnen bestritten wird, und zwar f\u00fcr eine Dauer, die es uns erm\u00f6glicht, die Richtigkeit der personenbezogenen Daten zu \u00fcberpr\u00fcfen,<\/li>\n<li>die Verarbeitung Ihrer Daten unrechtm\u00e4\u00dfig ist, Sie aber deren L\u00f6schung ablehnen und stattdessen die Einschr\u00e4nkung der Nutzung der Daten verlangen,<\/li>\n<li>wir die personenbezogenen Daten f\u00fcr die Zwecke der Verarbeitung nicht l\u00e4nger ben\u00f6tigen, Sie die Daten jedoch zur Geltendmachung, Aus\u00fcbung oder Verteidigung von Rechtsanspr\u00fcchen ben\u00f6tigen<\/li>\n<li>Sie gem\u00e4\u00df Art. 21 DSGVO Widerspruch gegen die Verarbeitung Ihrer Daten eingelegt haben, es aber noch nicht feststeht, ob die berechtigten Gr\u00fcnde, die uns trotz Ihres Widerspruches zu einer weiteren Verarbeitung berechtigten, Ihre Rechte \u00fcberwiegen.<\/li>\n<\/ul>\n<\/li>\n<li><strong>Recht auf Unterrichtung:<\/strong> Sofern Sie das Recht auf Berichtigung, L\u00f6schung oder Einschr\u00e4nkung der Verarbeitung gegen\u00fcber uns geltend gemacht haben, sind wir verpflichtet, allen Empf\u00e4ngern, denen gegen\u00fcber die Sie betreffenden personenbezogene Daten offengelegt wurden, die von Ihnen verlangte Berichtigung oder L\u00f6schung der Daten oder deren Einschr\u00e4nkung der Verarbeitung mitzuteilen, es sei denn, dies erweist sich als unm\u00f6glich oder ist mit einem unverh\u00e4ltnism\u00e4\u00dfigen Aufwand verbunden. Ihnen steht das Recht zu, von uns \u00fcber diese Empf\u00e4nger unterrichtet zu werden.<\/li>\n<li><strong>Recht auf Daten\u00fcbertragbarkeit:<\/strong> Gem\u00e4\u00df Art. 20 DSGVO k\u00f6nnen Sie verlangen, dass wir die Sie betreffenden personenbezogenen Daten, die Sie uns bereitgestellt haben, in einem strukturierten, g\u00e4ngigen und maschinenlesebaren Format zu erhalten oder die \u00dcbermittlung an einen anderen Verantwortlichen zu verlangen.<\/li>\n<li><strong>Beschwerderecht<\/strong>: Nach Art. 77 DSGVO haben Sie das Recht, sich bei einer Aufsichtsbeh\u00f6rde zu beschweren. Hierf\u00fcr k\u00f6nnen Sie sich an die Aufsichtsbeh\u00f6rde Ihres \u00fcblichen Aufenthaltsortes, Ihres Arbeitsplatzes oder unseres Firmensitzes wenden.<\/li>\n<\/ul>\n<p><strong>Widerrufsrecht<\/strong><\/p>\n<p>Gem\u00e4\u00df Art. 7 Abs. 3 DSGVO steht Ihnen das Recht zu, Ihre erteilte Einwilligung in die Verarbeitung Ihrer Daten jederzeit uns gegen\u00fcber zu widerrufen. Der von Ihnen erkl\u00e4rte Widerruf \u00e4ndert nichts an der Rechtm\u00e4\u00dfigkeit der bis zum Widerruf erfolgten Verarbeitung Ihrer personenbezogenen Daten.<\/p>\n<p><strong>Widerspruchsrecht<\/strong><\/p>\n<p>Sie haben das Recht, aus Gr\u00fcnden, die sich aus Ihrer besonderen Situation ergeben, jederzeit gegen die Verarbeitung der Sie betreffenden personenbezogenen Daten, die aufgrund einer Interessenabw\u00e4gung (Art. 6 Abs. 1 lit. f DSGVO) erfolgt, Widerspruch einzulegen. Dies ist insbesondere dann der Fall, wenn die Datenverarbeitung nicht zur Erf\u00fcllung eines Vertrages erforderlich ist. Sofern Sie von Ihrem Widerspruchsrecht Gebrauch machen, bitten wir Sie um die Darlegung der Gr\u00fcnde. Wir werden Ihre personenbezogenen Daten dann nicht mehr verarbeiten, es sei denn, wir k\u00f6nnen Ihnen gegen\u00fcber nachweisen, dass zwingende schutzw\u00fcrdige Gr\u00fcnde an der Datenverarbeitung Ihre Interessen und Rechte \u00fcberwiegen.<\/p>\n<p><strong><u>Unabh\u00e4ngig vom vorstehend Gesagten, haben Sie das jederzeitige Recht, der Verarbeitung Ihrer personenbezogenen Daten f\u00fcr Zwecke der Werbung und Datenanalyse zu widersprechen.<\/u><\/strong><\/p>\n<p>Ihren Widerspruch richten Sie bitte an die oben angegebene Kontaktadresse des Verantwortlichen.<\/p>\n<p><strong>Google Web Fonts<\/strong><\/p>\n<p>Wir nutzen auf unserem Internetauftritt &#8222;Google Web Fonts&#8220;, einen Dienst der Google Inc., 1600 Amphitheatre Parkway, Mountain View, CA 94043, USA<\/p>\n<p><strong>Umfang: <\/strong>Der Dienst erm\u00f6glicht es uns,\u00a0die Darstellung externer Schriftarten (Web Fonts) in das Design unserer Webseite einzubinden und diese bei der Darstellung der Webseite korrekt auszugeben. Dadurch stehen uns bestimmte gestalterische M\u00f6glichkeiten offen, mit denen wir das Design unserer Webseite nutzerfreundlicher machen wollen. Die Einbindung dieser Web Fonts erfolgt durch einen Serveraufruf. Wir haben diese Schriften auf demselben Server installiert, auf dem auch dieser Internetauftritt gehostet wird. Dadurch wird bei einem Aufruf der Schriften durch Ihren Browser keine Anfrage an einen Google Server in den USA get\u00e4tigt. Es werden so f\u00fcr die Verwendung der Schriften keine personenbezogenen Daten an Google weitergeleitet.<\/p>\n<p><strong>Sicherheitsma\u00dfnahmen<\/strong><\/p>\n<p>Wir treffen im \u00dcbrigen technische und organisatorische Sicherheitsma\u00dfnahmen nach dem Stand der Technik, um die Vorschriften der Datenschutzgesetze einzuhalten und Ihre Daten gegen zuf\u00e4llige oder vors\u00e4tzliche Manipulationen, teilweisen oder vollst\u00e4ndigen Verlust, Zerst\u00f6rung oder gegen den unbefugten Zugriff Dritter zu sch\u00fctzen.<\/p>\n<p><strong>Aktualit\u00e4t und \u00c4nderung dieser Datenschutzerkl\u00e4rung<\/strong><\/p>\n<p>Diese Datenschutzerkl\u00e4rung ist aktuell g\u00fcltig und hat den Stand Juni 2018. Aufgrund ge\u00e4nderter gesetzlicher bzw. beh\u00f6rdlicher Vorgaben kann es notwendig werden, diese Datenschutzerkl\u00e4rung anzupassen.<\/p>\n<p>Diese Datenschutzerkl\u00e4rung wurde mit Hilfe des <a href=\"https:\/\/www.maerchen-zeit.eu\/maerchenZeit\/dsgvo-datenschutz-generator\/\">Datenschutzerkl\u00e4rungs-Generators<\/a> von <a href=\"https:\/\/datenschutz.sos-recht.de\">SOS Recht<\/a> erstellt. SOS Recht ist ein Angebot der <a href=\"http:\/\/mueller-roessner.net\">MMR M\u00fcller M\u00fcller R\u00f6\u00dfner Rechtsanw\u00e4lte Partnerschaft<\/a> mit Sitz in Berlin.<\/p>\n<p>&nbsp;<\/p>\n<p>&nbsp;<\/p>\n","protected":false},"excerpt":{"rendered":"<p>Datenschutzerkl\u00e4rung Mit dieser Datenschutzerkl\u00e4rung m\u00f6chten wir Sie \u00fcber Art, Umfang und Zweck der Verarbeitung von personenbezogenen Daten auf unserer Webseite aufkl\u00e4ren. Personenbezogene Daten sind alle Daten, die einen pers\u00f6nlichen Bezug zu Ihnen aufweisen, z. B. Name, Adresse, E-Mail-Adresse oder Nutzerverhalten.<\/p>\n","protected":false},"author":1,"featured_media":0,"parent":0,"menu_order":0,"comment_status":"closed","ping_status":"closed","template":"","meta":{"footnotes":""},"class_list":["post-393","page","type-page","status-publish","hentry"],"_links":{"self":[{"href":"https:\/\/www.maerchen-und-menschen.de\/index.php?rest_route=\/wp\/v2\/pages\/393","targetHints":{"allow":["GET"]}}],"collection":[{"href":"https:\/\/www.maerchen-und-menschen.de\/index.php?rest_route=\/wp\/v2\/pages"}],"about":[{"href":"https:\/\/www.maerchen-und-menschen.de\/index.php?rest_route=\/wp\/v2\/types\/page"}],"author":[{"embeddable":true,"href":"https:\/\/www.maerchen-und-menschen.de\/index.php?rest_route=\/wp\/v2\/users\/1"}],"replies":[{"embeddable":true,"href":"https:\/\/www.maerchen-und-menschen.de\/index.php?rest_route=%2Fwp%2Fv2%2Fcomments&post=393"}],"version-history":[{"count":2,"href":"https:\/\/www.maerchen-und-menschen.de\/index.php?rest_route=\/wp\/v2\/pages\/393\/revisions"}],"predecessor-version":[{"id":396,"href":"https:\/\/www.maerchen-und-menschen.de\/index.php?rest_route=\/wp\/v2\/pages\/393\/revisions\/396"}],"wp:attachment":[{"href":"https:\/\/www.maerchen-und-menschen.de\/index.php?rest_route=%2Fwp%2Fv2%2Fmedia&parent=393"}],"curies":[{"name":"wp","href":"https:\/\/api.w.org\/{rel}","templated":true}]}}